{"id":249,"date":"2020-12-02T17:48:33","date_gmt":"2020-12-02T16:48:33","guid":{"rendered":"https:\/\/vision.fr\/?page_id=249"},"modified":"2023-01-19T11:16:13","modified_gmt":"2023-01-19T10:16:13","slug":"contact","status":"publish","type":"page","link":"https:\/\/vision.fr\/index.php\/contact\/","title":{"rendered":"Contact"},"content":{"rendered":"<p>[et_pb_section fb_built=&#8221;1&#8243; admin_label=&#8221;Hero section&#8221; _builder_version=&#8221;4.16.1&#8243; background_image=&#8221;https:\/\/vision.fr\/wp-content\/uploads\/2023\/01\/Header-1.jpg&#8221; background_position=&#8221;top_center&#8221; custom_margin=&#8221;|||&#8221; custom_padding=&#8221;5.8%||1%||false|false&#8221; hover_enabled=&#8221;0&#8243; global_colors_info=&#8221;{}&#8221; title_text=&#8221;Header 1&#8243; sticky_enabled=&#8221;0&#8243;][et_pb_row column_structure=&#8221;2_3,1_3&#8243; _builder_version=&#8221;4.16&#8243; custom_margin=&#8221;|auto|80px|auto||&#8221; global_colors_info=&#8221;{}&#8221;][et_pb_column type=&#8221;2_3&#8243; _builder_version=&#8221;4.16&#8243; custom_padding=&#8221;1px|||&#8221; global_colors_info=&#8221;{}&#8221; custom_padding__hover=&#8221;|||&#8221;][et_pb_cta title=&#8221;CONTACT&#8221; button_url=&#8221;#&#8221; _builder_version=&#8221;4.16.1&#8243; header_level=&#8221;h5&#8243; header_font=&#8221;Lato|900|||||||&#8221; header_font_size=&#8221;81px&#8221; header_letter_spacing=&#8221;2px&#8221; header_line_height=&#8221;1.2em&#8221; body_font=&#8221;Lato||||||||&#8221; body_font_size=&#8221;38px&#8221; body_line_height=&#8221;1.2em&#8221; use_background_color=&#8221;off&#8221; custom_button=&#8221;on&#8221; button_text_size=&#8221;15px&#8221; button_text_color=&#8221;#ffffff&#8221; button_bg_color=&#8221;#4683ab&#8221; button_border_width=&#8221;4px&#8221; button_border_color=&#8221;#4683ab&#8221; button_border_radius=&#8221;5px&#8221; button_letter_spacing=&#8221;2px&#8221; button_font=&#8221;Lato|900||on|||||&#8221; text_orientation=&#8221;left&#8221; max_width=&#8221;750px&#8221; module_alignment=&#8221;left&#8221; custom_margin=&#8221;|-47px||||&#8221; animation_style=&#8221;fold&#8221; animation_intensity_fold=&#8221;16%&#8221; hover_enabled=&#8221;0&#8243; header_font_size_tablet=&#8221;46px&#8221; header_font_size_phone=&#8221;36px&#8221; header_font_size_last_edited=&#8221;on|phone&#8221; body_font_size_tablet=&#8221;26px&#8221; body_font_size_phone=&#8221;22px&#8221; body_font_size_last_edited=&#8221;on|tablet&#8221; header_text_shadow_style=&#8221;preset1&#8243; header_text_shadow_blur_strength=&#8221;0.6em&#8221; header_text_shadow_color=&#8221;rgba(0,0,0,0.6)&#8221; box_shadow_style_button=&#8221;preset3&#8243; box_shadow_blur_button=&#8221;30px&#8221; box_shadow_spread_button=&#8221;8px&#8221; box_shadow_color_button=&#8221;rgba(250,127,40,0.15)&#8221; button_letter_spacing_hover=&#8221;2px&#8221; global_colors_info=&#8221;{}&#8221; button_text_size__hover_enabled=&#8221;off&#8221; button_one_text_size__hover_enabled=&#8221;off&#8221; button_two_text_size__hover_enabled=&#8221;off&#8221; button_text_color__hover_enabled=&#8221;off&#8221; button_one_text_color__hover_enabled=&#8221;off&#8221; button_two_text_color__hover_enabled=&#8221;off&#8221; button_border_width__hover_enabled=&#8221;off&#8221; button_one_border_width__hover_enabled=&#8221;off&#8221; button_two_border_width__hover_enabled=&#8221;off&#8221; button_border_color__hover_enabled=&#8221;off&#8221; button_one_border_color__hover_enabled=&#8221;off&#8221; button_two_border_color__hover_enabled=&#8221;off&#8221; button_border_radius__hover_enabled=&#8221;off&#8221; button_one_border_radius__hover_enabled=&#8221;off&#8221; button_two_border_radius__hover_enabled=&#8221;off&#8221; button_letter_spacing__hover_enabled=&#8221;on&#8221; button_letter_spacing__hover=&#8221;2px&#8221; button_one_letter_spacing__hover_enabled=&#8221;off&#8221; button_two_letter_spacing__hover_enabled=&#8221;off&#8221; button_bg_color__hover_enabled=&#8221;off&#8221; button_one_bg_color__hover_enabled=&#8221;off&#8221; button_two_bg_color__hover_enabled=&#8221;off&#8221; header_text_align=&#8221;left&#8221; sticky_enabled=&#8221;0&#8243;][\/et_pb_cta][\/et_pb_column][et_pb_column type=&#8221;1_3&#8243; _builder_version=&#8221;4.16&#8243; custom_padding=&#8221;|||&#8221; global_colors_info=&#8221;{}&#8221; custom_padding__hover=&#8221;|||&#8221;][\/et_pb_column][\/et_pb_row][\/et_pb_section][et_pb_section fb_built=&#8221;1&#8243; admin_label=&#8221;Contact Section&#8221; _builder_version=&#8221;4.16&#8243; background_size=&#8221;initial&#8221; module_alignment=&#8221;right&#8221; custom_padding=&#8221;42px||120px|||&#8221; global_colors_info=&#8221;{}&#8221;][et_pb_row admin_label=&#8221;Service Area&#8221; _builder_version=&#8221;4.16&#8243; custom_padding=&#8221;0px|||||&#8221; locked=&#8221;off&#8221; global_colors_info=&#8221;{}&#8221;][et_pb_column type=&#8221;4_4&#8243; _builder_version=&#8221;4.16&#8243; custom_padding=&#8221;|||&#8221; global_colors_info=&#8221;{}&#8221; custom_padding__hover=&#8221;|||&#8221;][et_pb_text admin_label=&#8221;Title&#8221; _builder_version=&#8221;4.16&#8243; text_font=&#8221;Lato|700||on|||||&#8221; text_text_color=&#8221;#e02b20&#8243; header_font=&#8221;||||||||&#8221; header_2_font=&#8221;Lato|700||on|||||&#8221; header_2_text_color=&#8221;#bcbdc0&#8243; header_2_font_size=&#8221;42px&#8221; header_2_line_height=&#8221;1.4em&#8221; custom_margin=&#8221;||-5px|-40px||&#8221; custom_margin_tablet=&#8221;&#8221; custom_margin_phone=&#8221;|||0px&#8221; custom_margin_last_edited=&#8221;on|phone&#8221; custom_padding=&#8221;|||30px&#8221; animation_style=&#8221;fold&#8221; animation_direction=&#8221;left&#8221; animation_intensity_fold=&#8221;5%&#8221; animation_starting_opacity=&#8221;100%&#8221; header_2_font_size_tablet=&#8221;42px&#8221; header_2_font_size_phone=&#8221;29px&#8221; header_2_font_size_last_edited=&#8221;on|tablet&#8221; border_color_all=&#8221;#bcbdc0&#8243; border_width_left=&#8221;10px&#8221; border_color_left=&#8221;#f9b438&#8243; global_colors_info=&#8221;{}&#8221;]<\/p>\n<h2>Contactez-nous<br \/> Pour plus d&#8217;informations<\/h2>\n<p>[\/et_pb_text][et_pb_text admin_label=&#8221;Subtitle&#8221; _builder_version=&#8221;4.16&#8243; text_font=&#8221;||||||||&#8221; text_font_size=&#8221;18px&#8221; max_width=&#8221;700px&#8221; max_width_tablet=&#8221;&#8221; max_width_phone=&#8221;&#8221; max_width_last_edited=&#8221;on|desktop&#8221; custom_margin=&#8221;||46px|||&#8221; custom_padding=&#8221;0px|||||&#8221; animation_style=&#8221;fold&#8221; animation_direction=&#8221;left&#8221; animation_intensity_fold=&#8221;5%&#8221; animation_starting_opacity=&#8221;100%&#8221; text_font_size_tablet=&#8221;&#8221; text_font_size_phone=&#8221;16px&#8221; text_font_size_last_edited=&#8221;on|phone&#8221; locked=&#8221;off&#8221; global_colors_info=&#8221;{}&#8221;]<\/p>\n<p>Pour plus de renseignements, une question, un devis&#8230; Contactez-nous, nous vous r\u00e9pondrons dans les plus brefs d\u00e9lais.<\/p>\n<p>[\/et_pb_text][\/et_pb_column][\/et_pb_row][et_pb_row admin_label=&#8221;Contact Form Area&#8221; _builder_version=&#8221;4.16&#8243; custom_margin=&#8221;|||&#8221; custom_padding=&#8221;27px|40px|27px|40px|false|true&#8221; animation_style=&#8221;slide&#8221; box_shadow_style=&#8221;preset3&#8243; box_shadow_vertical=&#8221;80px&#8221; box_shadow_blur=&#8221;200px&#8221; box_shadow_spread=&#8221;-40px&#8221; global_colors_info=&#8221;{}&#8221;][et_pb_column type=&#8221;4_4&#8243; _builder_version=&#8221;4.16&#8243; custom_padding=&#8221;|||&#8221; global_colors_info=&#8221;{}&#8221; custom_padding__hover=&#8221;|||&#8221;][et_pb_contact_form email=&#8221;contact@vision.fr&#8221; custom_message=&#8221;Nom : %%Nom%% ||et_pb_line_break_holder||Adresse mail : %%Email%%  ||et_pb_line_break_holder||T\u00e9l\u00e9phone : %%Telephone%%||et_pb_line_break_holder||Message : %%Message%%&#8221; success_message=&#8221;Votre message a \u00e9t\u00e9 envoy\u00e9 avec succ\u00e8s.&#8221; submit_button_text=&#8221;Envoyer&#8221; module_id=&#8221;et_pb_contact_form_0&#8243; _builder_version=&#8221;4.16&#8243; _unique_id=&#8221;947c40ba-2a0b-4ebf-8eee-1be600992b5b&#8221; title_level=&#8221;h3&#8243; title_font=&#8221;Lato||||||||&#8221; captcha_font=&#8221;Lato||||||||&#8221; form_field_font=&#8221;Lato|700|||||||&#8221; custom_button=&#8221;on&#8221; button_text_size=&#8221;14px&#8221; button_text_color=&#8221;#ffffff&#8221; button_bg_color=&#8221;#4683ab&#8221; button_border_width=&#8221;12px&#8221; button_border_color=&#8221;#4683ab&#8221; button_letter_spacing=&#8221;4px&#8221; button_font=&#8221;Lato|900||on|||||&#8221; button_icon=&#8221;&#x35;||divi||400&#8243; global_colors_info=&#8221;{}&#8221;][et_pb_contact_field field_id=&#8221;Nom&#8221; field_title=&#8221;Nom&#8221; _builder_version=&#8221;4.16&#8243; global_colors_info=&#8221;{}&#8221; button_text_size__hover_enabled=&#8221;off&#8221; button_one_text_size__hover_enabled=&#8221;off&#8221; button_two_text_size__hover_enabled=&#8221;off&#8221; button_text_color__hover_enabled=&#8221;off&#8221; button_one_text_color__hover_enabled=&#8221;off&#8221; button_two_text_color__hover_enabled=&#8221;off&#8221; button_border_width__hover_enabled=&#8221;off&#8221; button_one_border_width__hover_enabled=&#8221;off&#8221; button_two_border_width__hover_enabled=&#8221;off&#8221; button_border_color__hover_enabled=&#8221;off&#8221; button_one_border_color__hover_enabled=&#8221;off&#8221; button_two_border_color__hover_enabled=&#8221;off&#8221; button_border_radius__hover_enabled=&#8221;off&#8221; button_one_border_radius__hover_enabled=&#8221;off&#8221; button_two_border_radius__hover_enabled=&#8221;off&#8221; button_letter_spacing__hover_enabled=&#8221;off&#8221; button_one_letter_spacing__hover_enabled=&#8221;off&#8221; button_two_letter_spacing__hover_enabled=&#8221;off&#8221; button_bg_color__hover_enabled=&#8221;off&#8221; button_one_bg_color__hover_enabled=&#8221;off&#8221; button_two_bg_color__hover_enabled=&#8221;off&#8221;][\/et_pb_contact_field][et_pb_contact_field field_id=&#8221;Email&#8221; field_title=&#8221;Email &#8221; field_type=&#8221;email&#8221; _builder_version=&#8221;4.16&#8243; global_colors_info=&#8221;{}&#8221; button_text_size__hover_enabled=&#8221;off&#8221; button_one_text_size__hover_enabled=&#8221;off&#8221; button_two_text_size__hover_enabled=&#8221;off&#8221; button_text_color__hover_enabled=&#8221;off&#8221; button_one_text_color__hover_enabled=&#8221;off&#8221; button_two_text_color__hover_enabled=&#8221;off&#8221; button_border_width__hover_enabled=&#8221;off&#8221; button_one_border_width__hover_enabled=&#8221;off&#8221; button_two_border_width__hover_enabled=&#8221;off&#8221; button_border_color__hover_enabled=&#8221;off&#8221; button_one_border_color__hover_enabled=&#8221;off&#8221; button_two_border_color__hover_enabled=&#8221;off&#8221; button_border_radius__hover_enabled=&#8221;off&#8221; button_one_border_radius__hover_enabled=&#8221;off&#8221; button_two_border_radius__hover_enabled=&#8221;off&#8221; button_letter_spacing__hover_enabled=&#8221;off&#8221; button_one_letter_spacing__hover_enabled=&#8221;off&#8221; button_two_letter_spacing__hover_enabled=&#8221;off&#8221; button_bg_color__hover_enabled=&#8221;off&#8221; button_one_bg_color__hover_enabled=&#8221;off&#8221; button_two_bg_color__hover_enabled=&#8221;off&#8221;][\/et_pb_contact_field][et_pb_contact_field field_id=&#8221;Telephone&#8221; field_title=&#8221;T\u00e9l\u00e9phone&#8221; _builder_version=&#8221;4.16&#8243; global_colors_info=&#8221;{}&#8221; button_text_size__hover_enabled=&#8221;off&#8221; button_one_text_size__hover_enabled=&#8221;off&#8221; button_two_text_size__hover_enabled=&#8221;off&#8221; button_text_color__hover_enabled=&#8221;off&#8221; button_one_text_color__hover_enabled=&#8221;off&#8221; button_two_text_color__hover_enabled=&#8221;off&#8221; button_border_width__hover_enabled=&#8221;off&#8221; button_one_border_width__hover_enabled=&#8221;off&#8221; button_two_border_width__hover_enabled=&#8221;off&#8221; button_border_color__hover_enabled=&#8221;off&#8221; button_one_border_color__hover_enabled=&#8221;off&#8221; button_two_border_color__hover_enabled=&#8221;off&#8221; button_border_radius__hover_enabled=&#8221;off&#8221; button_one_border_radius__hover_enabled=&#8221;off&#8221; button_two_border_radius__hover_enabled=&#8221;off&#8221; button_letter_spacing__hover_enabled=&#8221;off&#8221; button_one_letter_spacing__hover_enabled=&#8221;off&#8221; button_two_letter_spacing__hover_enabled=&#8221;off&#8221; button_bg_color__hover_enabled=&#8221;off&#8221; button_one_bg_color__hover_enabled=&#8221;off&#8221; button_two_bg_color__hover_enabled=&#8221;off&#8221;][\/et_pb_contact_field][et_pb_contact_field field_id=&#8221;Message&#8221; field_title=&#8221;Message&#8221; field_type=&#8221;text&#8221; fullwidth_field=&#8221;on&#8221; _builder_version=&#8221;4.16&#8243; global_colors_info=&#8221;{}&#8221; button_text_size__hover_enabled=&#8221;off&#8221; button_one_text_size__hover_enabled=&#8221;off&#8221; button_two_text_size__hover_enabled=&#8221;off&#8221; button_text_color__hover_enabled=&#8221;off&#8221; button_one_text_color__hover_enabled=&#8221;off&#8221; button_two_text_color__hover_enabled=&#8221;off&#8221; button_border_width__hover_enabled=&#8221;off&#8221; button_one_border_width__hover_enabled=&#8221;off&#8221; button_two_border_width__hover_enabled=&#8221;off&#8221; button_border_color__hover_enabled=&#8221;off&#8221; button_one_border_color__hover_enabled=&#8221;off&#8221; button_two_border_color__hover_enabled=&#8221;off&#8221; button_border_radius__hover_enabled=&#8221;off&#8221; button_one_border_radius__hover_enabled=&#8221;off&#8221; button_two_border_radius__hover_enabled=&#8221;off&#8221; button_letter_spacing__hover_enabled=&#8221;off&#8221; button_one_letter_spacing__hover_enabled=&#8221;off&#8221; button_two_letter_spacing__hover_enabled=&#8221;off&#8221; button_bg_color__hover_enabled=&#8221;off&#8221; button_one_bg_color__hover_enabled=&#8221;off&#8221; button_two_bg_color__hover_enabled=&#8221;off&#8221;][\/et_pb_contact_field][\/et_pb_contact_form][\/et_pb_column][\/et_pb_row][\/et_pb_section][et_pb_section fb_built=&#8221;1&#8243; fullwidth=&#8221;on&#8221; custom_padding_last_edited=&#8221;on|tablet&#8221; admin_label=&#8221;Map Section&#8221; _builder_version=&#8221;4.16&#8243; use_background_color_gradient=&#8221;on&#8221; background_color_gradient_type=&#8221;circular&#8221; background_color_gradient_direction_radial=&#8221;top left&#8221; background_color_gradient_stops=&#8221;#2b303a 10%|rgba(43,48,58,0.5) 100%&#8221; background_color_gradient_overlays_image=&#8221;on&#8221; background_color_gradient_start=&#8221;#2b303a&#8221; background_color_gradient_start_position=&#8221;10%&#8221; background_color_gradient_end=&#8221;rgba(43,48,58,0.5)&#8221; background_image=&#8221;https:\/\/vision.fr\/wp-content\/uploads\/2020\/12\/handyman-05.jpg&#8221; module_alignment=&#8221;right&#8221; custom_margin=&#8221;60px|60px|60px|60px|true|true&#8221; custom_margin_tablet=&#8221;0px|0px|0px|0px|true|true&#8221; custom_margin_phone=&#8221;&#8221; custom_margin_last_edited=&#8221;on|tablet&#8221; custom_padding=&#8221;0||0|0|false|false&#8221; custom_padding_tablet=&#8221;|||0px&#8221; custom_padding_phone=&#8221;&#8221; animation_style=&#8221;slide&#8221; animation_direction=&#8221;top&#8221; animation_intensity_slide=&#8221;2%&#8221; box_shadow_style=&#8221;preset3&#8243; box_shadow_vertical=&#8221;80px&#8221; box_shadow_blur=&#8221;200px&#8221; box_shadow_spread=&#8221;-40px&#8221; box_shadow_color=&#8221;rgba(0,0,0,0.12)&#8221; global_colors_info=&#8221;{}&#8221;][et_pb_fullwidth_map address=&#8221;30320 Marguerittes&#8221; zoom_level=&#8221;14&#8243; address_lat=&#8221;37.7749295&#8243; address_lng=&#8221;-122.4194155&#8243; _builder_version=&#8221;4.16&#8243; custom_margin=&#8221;||-62px|||&#8221; global_colors_info=&#8221;{}&#8221;][et_pb_map_pin pin_address=&#8221;San Francisco, CA, USA&#8221; pin_address_lat=&#8221;37.7749295&#8243; pin_address_lng=&#8221;-122.4194155&#8243; _builder_version=&#8221;4.7.4&#8243; global_colors_info=&#8221;{}&#8221;][\/et_pb_map_pin][\/et_pb_fullwidth_map][\/et_pb_section]<\/p>\n","protected":false},"excerpt":{"rendered":"<p>Contactez-nous Pour plus d&#8217;informationsPour plus de renseignements, une question, un devis&#8230; Contactez-nous, nous vous r\u00e9pondrons dans les plus brefs d\u00e9lais.<\/p>\n","protected":false},"author":2,"featured_media":0,"parent":0,"menu_order":0,"comment_status":"closed","ping_status":"closed","template":"","meta":{"_et_pb_use_builder":"on","_et_pb_old_content":"","_et_gb_content_width":""},"yoast_head":"<!-- This site is optimized with the Yoast SEO plugin v19.13 - https:\/\/yoast.com\/wordpress\/plugins\/seo\/ -->\n<title>Contactez-nous - VisioN Informatique m\u00e9dicale - Gard<\/title>\n<meta name=\"description\" content=\"Obtenez plus de renseignement concernant nos prestations dans l&#039;informatique m\u00e9dicale \u00e0 Nimes, pour un devis ou toutes autres questions.\" \/>\n<meta name=\"robots\" content=\"index, follow, max-snippet:-1, max-image-preview:large, max-video-preview:-1\" \/>\n<link rel=\"canonical\" href=\"https:\/\/vision.fr\/index.php\/contact\/\" \/>\n<meta property=\"og:locale\" content=\"fr_FR\" \/>\n<meta property=\"og:type\" content=\"article\" \/>\n<meta property=\"og:title\" content=\"Contactez-nous - VisioN Informatique m\u00e9dicale - Gard\" \/>\n<meta property=\"og:description\" content=\"Obtenez plus de renseignement concernant nos prestations dans l&#039;informatique m\u00e9dicale \u00e0 Nimes, pour un devis ou toutes autres questions.\" \/>\n<meta property=\"og:url\" content=\"https:\/\/vision.fr\/index.php\/contact\/\" \/>\n<meta property=\"og:site_name\" content=\"VisioN\" \/>\n<meta property=\"article:publisher\" content=\"https:\/\/www.facebook.com\/VisioN-107234637652457\" \/>\n<meta property=\"article:modified_time\" content=\"2023-01-19T10:16:13+00:00\" \/>\n<meta property=\"og:image\" content=\"https:\/\/vision.fr\/wp-content\/uploads\/2021\/02\/image-rs.jpg\" \/>\n\t<meta property=\"og:image:width\" content=\"2084\" \/>\n\t<meta property=\"og:image:height\" content=\"1303\" \/>\n\t<meta property=\"og:image:type\" content=\"image\/jpeg\" \/>\n<meta name=\"twitter:card\" content=\"summary_large_image\" \/>\n<meta name=\"twitter:site\" content=\"@visioninfomed\" \/>\n<meta name=\"twitter:label1\" content=\"Dur\u00e9e de lecture estim\u00e9e\" \/>\n\t<meta name=\"twitter:data1\" content=\"2 minutes\" \/>\n<script type=\"application\/ld+json\" class=\"yoast-schema-graph\">{\"@context\":\"https:\/\/schema.org\",\"@graph\":[{\"@type\":[\"WebPage\",\"ContactPage\"],\"@id\":\"https:\/\/vision.fr\/index.php\/contact\/\",\"url\":\"https:\/\/vision.fr\/index.php\/contact\/\",\"name\":\"Contactez-nous - VisioN Informatique m\u00e9dicale - Gard\",\"isPartOf\":{\"@id\":\"https:\/\/vision.fr\/#website\"},\"datePublished\":\"2020-12-02T16:48:33+00:00\",\"dateModified\":\"2023-01-19T10:16:13+00:00\",\"description\":\"Obtenez plus de renseignement concernant nos prestations dans l'informatique m\u00e9dicale \u00e0 Nimes, pour un devis ou toutes autres questions.\",\"breadcrumb\":{\"@id\":\"https:\/\/vision.fr\/index.php\/contact\/#breadcrumb\"},\"inLanguage\":\"fr-FR\",\"potentialAction\":[{\"@type\":\"ReadAction\",\"target\":[\"https:\/\/vision.fr\/index.php\/contact\/\"]}]},{\"@type\":\"BreadcrumbList\",\"@id\":\"https:\/\/vision.fr\/index.php\/contact\/#breadcrumb\",\"itemListElement\":[{\"@type\":\"ListItem\",\"position\":1,\"name\":\"Accueil\",\"item\":\"https:\/\/vision.fr\/\"},{\"@type\":\"ListItem\",\"position\":2,\"name\":\"Contact\"}]},{\"@type\":\"WebSite\",\"@id\":\"https:\/\/vision.fr\/#website\",\"url\":\"https:\/\/vision.fr\/\",\"name\":\"VisioN\",\"description\":\"Conseil et expertise\",\"publisher\":{\"@id\":\"https:\/\/vision.fr\/#organization\"},\"potentialAction\":[{\"@type\":\"SearchAction\",\"target\":{\"@type\":\"EntryPoint\",\"urlTemplate\":\"https:\/\/vision.fr\/?s={search_term_string}\"},\"query-input\":\"required name=search_term_string\"}],\"inLanguage\":\"fr-FR\"},{\"@type\":\"Organization\",\"@id\":\"https:\/\/vision.fr\/#organization\",\"name\":\"VisioN\",\"url\":\"https:\/\/vision.fr\/\",\"logo\":{\"@type\":\"ImageObject\",\"inLanguage\":\"fr-FR\",\"@id\":\"https:\/\/vision.fr\/#\/schema\/logo\/image\/\",\"url\":\"https:\/\/i1.wp.com\/vision.fr\/wp-content\/uploads\/2020\/11\/Logo-boule-VisioN-petit-e1607331109334.png?fit=75%2C81&ssl=1\",\"contentUrl\":\"https:\/\/i1.wp.com\/vision.fr\/wp-content\/uploads\/2020\/11\/Logo-boule-VisioN-petit-e1607331109334.png?fit=75%2C81&ssl=1\",\"width\":75,\"height\":81,\"caption\":\"VisioN\"},\"image\":{\"@id\":\"https:\/\/vision.fr\/#\/schema\/logo\/image\/\"},\"sameAs\":[\"https:\/\/www.instagram.com\/vision_ia\/\",\"https:\/\/www.linkedin.com\/in\/vision-i-a-6087481a9\/\",\"https:\/\/www.youtube.com\/channel\/UC7dsDdl18fnkxVqXGshd6Bw\",\"https:\/\/www.facebook.com\/VisioN-107234637652457\",\"https:\/\/twitter.com\/visioninfomed\"]}]}<\/script>\n<!-- \/ Yoast SEO plugin. -->","yoast_head_json":{"title":"Contactez-nous - VisioN Informatique m\u00e9dicale - Gard","description":"Obtenez plus de renseignement concernant nos prestations dans l'informatique m\u00e9dicale \u00e0 Nimes, pour un devis ou toutes autres questions.","robots":{"index":"index","follow":"follow","max-snippet":"max-snippet:-1","max-image-preview":"max-image-preview:large","max-video-preview":"max-video-preview:-1"},"canonical":"https:\/\/vision.fr\/index.php\/contact\/","og_locale":"fr_FR","og_type":"article","og_title":"Contactez-nous - VisioN Informatique m\u00e9dicale - Gard","og_description":"Obtenez plus de renseignement concernant nos prestations dans l'informatique m\u00e9dicale \u00e0 Nimes, pour un devis ou toutes autres questions.","og_url":"https:\/\/vision.fr\/index.php\/contact\/","og_site_name":"VisioN","article_publisher":"https:\/\/www.facebook.com\/VisioN-107234637652457","article_modified_time":"2023-01-19T10:16:13+00:00","og_image":[{"width":2084,"height":1303,"url":"https:\/\/vision.fr\/wp-content\/uploads\/2021\/02\/image-rs.jpg","type":"image\/jpeg"}],"twitter_card":"summary_large_image","twitter_site":"@visioninfomed","twitter_misc":{"Dur\u00e9e de lecture estim\u00e9e":"2 minutes"},"schema":{"@context":"https:\/\/schema.org","@graph":[{"@type":["WebPage","ContactPage"],"@id":"https:\/\/vision.fr\/index.php\/contact\/","url":"https:\/\/vision.fr\/index.php\/contact\/","name":"Contactez-nous - VisioN Informatique m\u00e9dicale - Gard","isPartOf":{"@id":"https:\/\/vision.fr\/#website"},"datePublished":"2020-12-02T16:48:33+00:00","dateModified":"2023-01-19T10:16:13+00:00","description":"Obtenez plus de renseignement concernant nos prestations dans l'informatique m\u00e9dicale \u00e0 Nimes, pour un devis ou toutes autres questions.","breadcrumb":{"@id":"https:\/\/vision.fr\/index.php\/contact\/#breadcrumb"},"inLanguage":"fr-FR","potentialAction":[{"@type":"ReadAction","target":["https:\/\/vision.fr\/index.php\/contact\/"]}]},{"@type":"BreadcrumbList","@id":"https:\/\/vision.fr\/index.php\/contact\/#breadcrumb","itemListElement":[{"@type":"ListItem","position":1,"name":"Accueil","item":"https:\/\/vision.fr\/"},{"@type":"ListItem","position":2,"name":"Contact"}]},{"@type":"WebSite","@id":"https:\/\/vision.fr\/#website","url":"https:\/\/vision.fr\/","name":"VisioN","description":"Conseil et expertise","publisher":{"@id":"https:\/\/vision.fr\/#organization"},"potentialAction":[{"@type":"SearchAction","target":{"@type":"EntryPoint","urlTemplate":"https:\/\/vision.fr\/?s={search_term_string}"},"query-input":"required name=search_term_string"}],"inLanguage":"fr-FR"},{"@type":"Organization","@id":"https:\/\/vision.fr\/#organization","name":"VisioN","url":"https:\/\/vision.fr\/","logo":{"@type":"ImageObject","inLanguage":"fr-FR","@id":"https:\/\/vision.fr\/#\/schema\/logo\/image\/","url":"https:\/\/i1.wp.com\/vision.fr\/wp-content\/uploads\/2020\/11\/Logo-boule-VisioN-petit-e1607331109334.png?fit=75%2C81&ssl=1","contentUrl":"https:\/\/i1.wp.com\/vision.fr\/wp-content\/uploads\/2020\/11\/Logo-boule-VisioN-petit-e1607331109334.png?fit=75%2C81&ssl=1","width":75,"height":81,"caption":"VisioN"},"image":{"@id":"https:\/\/vision.fr\/#\/schema\/logo\/image\/"},"sameAs":["https:\/\/www.instagram.com\/vision_ia\/","https:\/\/www.linkedin.com\/in\/vision-i-a-6087481a9\/","https:\/\/www.youtube.com\/channel\/UC7dsDdl18fnkxVqXGshd6Bw","https:\/\/www.facebook.com\/VisioN-107234637652457","https:\/\/twitter.com\/visioninfomed"]}]}},"jetpack_shortlink":"https:\/\/wp.me\/PcJG0m-41","_links":{"self":[{"href":"https:\/\/vision.fr\/index.php\/wp-json\/wp\/v2\/pages\/249"}],"collection":[{"href":"https:\/\/vision.fr\/index.php\/wp-json\/wp\/v2\/pages"}],"about":[{"href":"https:\/\/vision.fr\/index.php\/wp-json\/wp\/v2\/types\/page"}],"author":[{"embeddable":true,"href":"https:\/\/vision.fr\/index.php\/wp-json\/wp\/v2\/users\/2"}],"replies":[{"embeddable":true,"href":"https:\/\/vision.fr\/index.php\/wp-json\/wp\/v2\/comments?post=249"}],"version-history":[{"count":31,"href":"https:\/\/vision.fr\/index.php\/wp-json\/wp\/v2\/pages\/249\/revisions"}],"predecessor-version":[{"id":1793,"href":"https:\/\/vision.fr\/index.php\/wp-json\/wp\/v2\/pages\/249\/revisions\/1793"}],"wp:attachment":[{"href":"https:\/\/vision.fr\/index.php\/wp-json\/wp\/v2\/media?parent=249"}],"curies":[{"name":"wp","href":"https:\/\/api.w.org\/{rel}","templated":true}]}}